{"id":1075,"date":"2019-11-15T10:38:44","date_gmt":"2019-11-15T10:38:44","guid":{"rendered":"http:\/\/aveicargo.pt\/?page_id=1075"},"modified":"2019-11-15T10:38:51","modified_gmt":"2019-11-15T10:38:51","slug":"politica-de-privacidade","status":"publish","type":"page","link":"http:\/\/aveicargo.pt\/?page_id=1075","title":{"rendered":"Pol\u00edtica de Privacidade \/ RGPD"},"content":{"rendered":"<p>Termos Uso E Privacidade \/ RGPD<\/p>\n<p>Respeitamos a sua privacidade e est\u00e1 empenhada em proteger as informa\u00e7\u00f5es pessoais que partilhar connosco. Muitas sec\u00e7\u00f5es do nosso Web Site podem ser navegadas sem recurso a qualquer informa\u00e7\u00e3o da sua parte. Quando necessitamos da sua informa\u00e7\u00e3o pessoal para disponibilizar servi\u00e7os ou produtos, ou quando decidir indicar-nos os seus dados, este documento descreve como fazemos uso dessa informa\u00e7\u00e3o.<\/p>\n<p>Remo\u00e7\u00e3o de Dados \/ RGPD<\/p>\n<p>Caso n\u00e3o pretenda receber mais comunica\u00e7\u00f5es da nossa parte, nomeadamente newsletters e outros emails, por favor clique no bot\u00e3o abaixo para que os seus dados pessoais sejam apagados da nossa base de dados, clique aqui:<\/p>\n<p><a href=\"http:\/\/www.aveicargo.pt\/rgpd\" target=\"_blank\" rel=\"noopener noreferrer\">http:\/\/www.aveicargo.pt\/rgpd<\/a><\/p>\n<p>Registo de Informa\u00e7\u00e3o<\/p>\n<p>Informa\u00e7\u00e3o pessoal \u00e9 qualquer informa\u00e7\u00e3o que possa ser usada para identificar um indiv\u00edduo ou entidade, incluindo, mas n\u00e3o limitado a, nome, endere\u00e7o de email, endere\u00e7o postal, telefone ou outra informa\u00e7\u00e3o necess\u00e1ria para prestarmos o servi\u00e7o ou fornecermos o produto que solicitar.<br data-rich-text-line-break=\"true\" \/>Quando navega no nosso web site, f\u00e1-lo anonimamente, a n\u00e3o ser que se tenha previamente identificado atrav\u00e9s de um login e password. N\u00e3o registamos automaticamente informa\u00e7\u00e3o pessoal, incluindo o seu endere\u00e7o de email. Fazemos registo dos endere\u00e7os de IP que consultam o nosso site (o endere\u00e7o Internet do seu computador) para nos dar uma ideia de que parte do website visita e quanto tempo navega nas nossas p\u00e1ginas, mas n\u00e3o fazemos a liga\u00e7\u00e3o entre esse endere\u00e7o e qualquer utilizador. Como muitos outros websites, a usamos uma tecnologia standard denominada &#8220;cookie&#8221; para reunir informa\u00e7\u00e3o acerca de como usa o nosso website.\u00a0 Quando a sua informa\u00e7\u00e3o pessoal \u00e9 pedida para um registo, informamos qual o motivo para que \u00e9 pedida. N\u00e3o transferimos a sua informa\u00e7\u00e3o para terceiros, nem pergunta se permite que os use para esse ou outro qualquer fim.<\/p>\n<p>Quando decide ceder-nos a sua informa\u00e7\u00e3o pessoal, s\u00f3 a transferimos entre os v\u00e1rios servi\u00e7os.<br data-rich-text-line-break=\"true\" \/>Todos os servi\u00e7os que incluam envio de emails s\u00f3 s\u00e3o activados atrav\u00e9s da selec\u00e7\u00e3o da op\u00e7\u00e3o respectiva. Depois de subscritos estes servi\u00e7os t\u00eam sempre dispon\u00edvel uma op\u00e7\u00e3o de anula\u00e7\u00e3o de subscri\u00e7\u00e3o.<\/p>\n<p>Cookies e Tecnologias de Rastreio<\/p>\n<p>Um cookie \u00e9 um pequeno ficheiro de dados que alguns web sites escrevem no disco r\u00edgido quando os visita. Um cookie pode conter informa\u00e7\u00e3o como um identificador de utilizador que o site usa para verificar as p\u00e1ginas que visita, mas a \u00fanica informa\u00e7\u00e3o pessoal que um cookie pode conter \u00e9 aquela que for fornecida por si. Um cookie n\u00e3o pode ler dados do seu disco r\u00edgido ou ler outros cookies criados por outros web sites. Algumas partes do website, usam cookies para fazer o rastreio das p\u00e1ginas que consulta. Utilizamos esta informa\u00e7\u00e3o para verificar a utilidade e facilidade de utiliza\u00e7\u00e3o do nosso site e para verificar se tem permiss\u00e3o de aceder a determinados servi\u00e7os ou produtos. Se preferir n\u00e3o receber cookies quando visitar o nosso web site, pode configurar o seu programa de navega\u00e7\u00e3o (&#8220;browser&#8221;) para avisar antes de registar um cookie no seu disco r\u00edgido e recus\u00e1-lo quando \u00e9 alertado da sua presen\u00e7a. Tamb\u00e9m pode recusar todos os cookies se configurar o seu programa de navega\u00e7\u00e3o nesse sentido, embora se o fizer pode n\u00e3o conseguir consultar algumas sec\u00e7\u00f5es do nosso site.<\/p>\n<p>Utiliza\u00e7\u00e3o da informa\u00e7\u00e3o registada<br \/>\nA informa\u00e7\u00e3o cedida por si no nosso site para satisfazer os seus pedidos de produtos e servi\u00e7os, serve para personalizar a sua experi\u00eancia de utiliza\u00e7\u00e3o do site, mant\u00ea-lo actualizado sobre novos produtos e servi\u00e7os ou outra informa\u00e7\u00e3o que achamos relevante.<\/p>\n<p>Partilha de Informa\u00e7\u00e3o<br \/>\nA sua informa\u00e7\u00e3o pessoal nunca \u00e9 partilhada fora do website, sem a sua permiss\u00e3o.\u00a0 N\u00e3o cederemos a sua informa\u00e7\u00e3o pessoal a outras empresas ou pessoas.<\/p>\n<p>Seguran\u00e7a dos Dados<br \/>\nOs seus dados registados nos nossos servidores est\u00e3o sempre protegidos por um login e password para sua seguran\u00e7a. Asseguramos a confidencialidade e seguran\u00e7a dos dados atrav\u00e9s de procedimentos f\u00edsicos, electr\u00f3nicos e processuais. Sempre que s\u00e3o introduzidos dados confidenciais\u00a0 s\u00e3o, utilizados protocolos encriptados (SSL) para aumentar a seguran\u00e7a das transac\u00e7\u00f5es. Apesar de fazermos todos os esfor\u00e7os, n\u00e3o podemos garantir a seguran\u00e7a da informa\u00e7\u00e3o que nos transmite, pelo que apelamos a que tome todas as precau\u00e7\u00f5es para proteger os seus dados pessoais enquanto est\u00e1 a utilizar a Internet. Mude as passwords frequentemente, use combina\u00e7\u00f5es de letras e n\u00fameros e assegure-se que utiliza um programa de navega\u00e7\u00e3o que permita o uso de comunica\u00e7\u00e3o segura (SSL).<\/p>\n<p>Menores e Privacidade<br \/>\nO website, n\u00e3o tem como p\u00fablico-alvo nem pretende atrair visitas de crian\u00e7as. N\u00e3o solicitamos informa\u00e7\u00e3o pessoal a crian\u00e7as nem lhes envia por qualquer meio pedidos para informa\u00e7\u00e3o pessoal.<\/p>\n<p>Sites de Terceiros<br \/>\nEm algumas ocasi\u00f5es, pode encontrar\u00a0 liga\u00e7\u00f5es para outros sites exteriores. N\u00e3o partilhamos a sua informa\u00e7\u00e3o pessoal com esses sites e n\u00e3o \u00e9 respons\u00e1vel pela sua pol\u00edtica de privacidade. Encorajamo-lo a consultar a Pol\u00edtica de Privacidade de todos os sites que utilizar.<\/p>\n<p>Mudan\u00e7as de Pol\u00edtica de Privacidade<br \/>\nEste documento pode ser modificado a qualquer altura. Se a altera\u00e7\u00e3o for substancial e tiver implica\u00e7\u00f5es na forma como usamos os seus dados pessoais, ser\u00e1 informado atrav\u00e9s de uma aviso na p\u00e1gina de entrada<\/p>\n<p>Quest\u00f5es e Sugest\u00f5es<br \/>\nSe tiver quest\u00f5es ou d\u00favidas sobre a forma como gerimos informa\u00e7\u00f5es pessoais, por favor envie-nos um email ou contacte-nos.<\/p>\n<p>Este documento foi modificado em 11 de Janeiro de 2020.<\/p>\n","protected":false},"excerpt":{"rendered":"<p>Termos Uso E Privacidade \/ RGPD Respeitamos a sua privacidade e est\u00e1 empenhada em proteger as informa\u00e7\u00f5es pessoais que partilhar connosco. Muitas sec\u00e7\u00f5es do nosso Web Site podem ser navegadas sem recurso a qualquer informa\u00e7\u00e3o da sua parte. Quando necessitamos da sua informa\u00e7\u00e3o pessoal para disponibilizar servi\u00e7os ou produtos, ou quando decidir indicar-nos os seus [&hellip;]<\/p>\n","protected":false},"author":1,"featured_media":0,"parent":0,"menu_order":0,"comment_status":"closed","ping_status":"open","template":"","meta":{"footnotes":""},"class_list":["post-1075","page","type-page","status-publish","hentry"],"aioseo_notices":[],"_links":{"self":[{"href":"http:\/\/aveicargo.pt\/index.php?rest_route=\/wp\/v2\/pages\/1075","targetHints":{"allow":["GET"]}}],"collection":[{"href":"http:\/\/aveicargo.pt\/index.php?rest_route=\/wp\/v2\/pages"}],"about":[{"href":"http:\/\/aveicargo.pt\/index.php?rest_route=\/wp\/v2\/types\/page"}],"author":[{"embeddable":true,"href":"http:\/\/aveicargo.pt\/index.php?rest_route=\/wp\/v2\/users\/1"}],"replies":[{"embeddable":true,"href":"http:\/\/aveicargo.pt\/index.php?rest_route=%2Fwp%2Fv2%2Fcomments&post=1075"}],"version-history":[{"count":2,"href":"http:\/\/aveicargo.pt\/index.php?rest_route=\/wp\/v2\/pages\/1075\/revisions"}],"predecessor-version":[{"id":1077,"href":"http:\/\/aveicargo.pt\/index.php?rest_route=\/wp\/v2\/pages\/1075\/revisions\/1077"}],"wp:attachment":[{"href":"http:\/\/aveicargo.pt\/index.php?rest_route=%2Fwp%2Fv2%2Fmedia&parent=1075"}],"curies":[{"name":"wp","href":"https:\/\/api.w.org\/{rel}","templated":true}]}}