{"id":340,"date":"2016-11-01T16:34:07","date_gmt":"2016-11-01T16:34:07","guid":{"rendered":"http:\/\/localhost:8888\/startright\/?page_id=340"},"modified":"2022-01-31T16:57:03","modified_gmt":"2022-01-31T16:57:03","slug":"about-us","status":"publish","type":"page","link":"http:\/\/aveicargo.pt\/?page_id=340","title":{"rendered":"Quem Somos"},"content":{"rendered":"<h2>Quem Somos \/ AveiCargo<\/h2>\n<p style=\"font-size: 17px; font-family: Overpass, Helvetica, Arial, sans-serif;\">A AveiCargo foi fundada em 01 de Janeiro de 2019, emergindo no contexto numa necessidade crescente, no servi\u00e7o de transportes de mercadorias.<\/p>\n<p style=\"font-size: 17px; font-family: Overpass, Helvetica, Arial, sans-serif;\">Situada no distrito de Aveiro, concelho de \u00cdlhavo, Portugal, uma cidade com localiza\u00e7\u00e3o estrat\u00e9gica e tradi\u00e7\u00e3o de servi\u00e7os de manuten\u00e7\u00e3o industrial, favorecido pelo seu porto comercial e industrial.<\/p>\n<p style=\"font-size: 17px; font-family: Overpass, Helvetica, Arial, sans-serif;\">Composta por uma equipa jovem e din\u00e2mica, mas j\u00e1 com larga experi\u00eancia no sector, a empresa j\u00e1 desenvolveu trabalhos de complexidade acrescida, que atestam a sua compet\u00eancia e capacidade de realiza\u00e7\u00e3o.<\/p>\n<figure><img decoding=\"async\" src=\"http:\/\/aveicargo.pt\/wp-content\/uploads\/2022\/01\/20220115_110040-1.jpg\" alt=\"20220115_110040\" \/><\/figure>\n<figure><img decoding=\"async\" src=\"http:\/\/aveicargo.pt\/wp-content\/uploads\/2022\/01\/20220125_121034.jpg\" alt=\"20220125_121034\" \/><\/figure>\n<p>\t\t\t\t\t\tPrevious<br \/>\n\t\t\t\t\t\tNext<\/p>\n<h3 style=\"text-align: center;\">\u201c A sua Transportadora de Qualidade, perto de si. AveiCargo&#8221;<\/h3>\n<h2 style=\"text-align: center;\">Porqu\u00ea escolher a AveiCargo?<\/h2>\n<h3 style=\"text-align: center;\">Experi\u00eancia<\/h3>\n<h3 style=\"text-align: center;\">Qualidade<\/h3>\n<p style=\"text-align: center;\">\u00a0<\/p>\n<h3 style=\"text-align: center;\">Rapidez<\/h3>\n<p style=\"text-align: center;\">\u00a0<\/p>\n<h3 style=\"text-align: center;\">Garantia da Entrega<\/h3>\n","protected":false},"excerpt":{"rendered":"<p>Quem Somos \/ AveiCargo A AveiCargo foi fundada em 01 de Janeiro de 2019, emergindo no contexto numa necessidade crescente, no servi\u00e7o de transportes de mercadorias. Situada no distrito de Aveiro, concelho de \u00cdlhavo, Portugal, uma cidade com localiza\u00e7\u00e3o estrat\u00e9gica e tradi\u00e7\u00e3o de servi\u00e7os de manuten\u00e7\u00e3o industrial, favorecido pelo seu porto comercial e industrial. Composta [&hellip;]<\/p>\n","protected":false},"author":1,"featured_media":71025,"parent":0,"menu_order":0,"comment_status":"closed","ping_status":"closed","template":"page-full-width.php","meta":{"footnotes":""},"class_list":["post-340","page","type-page","status-publish","has-post-thumbnail","hentry"],"aioseo_notices":[],"_links":{"self":[{"href":"http:\/\/aveicargo.pt\/index.php?rest_route=\/wp\/v2\/pages\/340","targetHints":{"allow":["GET"]}}],"collection":[{"href":"http:\/\/aveicargo.pt\/index.php?rest_route=\/wp\/v2\/pages"}],"about":[{"href":"http:\/\/aveicargo.pt\/index.php?rest_route=\/wp\/v2\/types\/page"}],"author":[{"embeddable":true,"href":"http:\/\/aveicargo.pt\/index.php?rest_route=\/wp\/v2\/users\/1"}],"replies":[{"embeddable":true,"href":"http:\/\/aveicargo.pt\/index.php?rest_route=%2Fwp%2Fv2%2Fcomments&post=340"}],"version-history":[{"count":8,"href":"http:\/\/aveicargo.pt\/index.php?rest_route=\/wp\/v2\/pages\/340\/revisions"}],"predecessor-version":[{"id":1165,"href":"http:\/\/aveicargo.pt\/index.php?rest_route=\/wp\/v2\/pages\/340\/revisions\/1165"}],"wp:featuredmedia":[{"embeddable":true,"href":"http:\/\/aveicargo.pt\/index.php?rest_route=\/"}],"wp:attachment":[{"href":"http:\/\/aveicargo.pt\/index.php?rest_route=%2Fwp%2Fv2%2Fmedia&parent=340"}],"curies":[{"name":"wp","href":"https:\/\/api.w.org\/{rel}","templated":true}]}}