{"id":361,"date":"2016-11-02T20:08:30","date_gmt":"2016-11-02T20:08:30","guid":{"rendered":"http:\/\/localhost:8888\/startright\/?page_id=361"},"modified":"2019-11-14T11:47:58","modified_gmt":"2019-11-14T11:47:58","slug":"contact-us","status":"publish","type":"page","link":"http:\/\/aveicargo.pt\/?page_id=361","title":{"rendered":"Contactos"},"content":{"rendered":"<p>Contactos:<br \/>Tel: 968 927 130 ou Email: aveicargo@gmail.com <\/p>\n<p>Aveicargo &#8211; Transportes Rodovi\u00e1rios de Mercadorias, Unipessoal Lda<br \/>\nAv Jo\u00e3o Corte Real, n\u00ba 30 &#8211; 2\u00ba i<br \/>\n3830-751 GAFANHA DA NAZAR\u00c9<br \/>\n<br \/>\n\n<div class=\"wpcf7 no-js\" id=\"wpcf7-f66-o1\" lang=\"en-US\" dir=\"ltr\" data-wpcf7-id=\"66\">\n<div class=\"screen-reader-response\"><p role=\"status\" aria-live=\"polite\" aria-atomic=\"true\"><\/p> <ul><\/ul><\/div>\n<form action=\"\/index.php?rest_route=%2Fwp%2Fv2%2Fpages%2F361#wpcf7-f66-o1\" method=\"post\" class=\"wpcf7-form init\" aria-label=\"Contact form\" novalidate=\"novalidate\" data-status=\"init\">\n<fieldset class=\"hidden-fields-container\"><input type=\"hidden\" name=\"_wpcf7\" value=\"66\" \/><input type=\"hidden\" name=\"_wpcf7_version\" value=\"6.1.5\" \/><input type=\"hidden\" name=\"_wpcf7_locale\" value=\"en_US\" \/><input type=\"hidden\" name=\"_wpcf7_unit_tag\" value=\"wpcf7-f66-o1\" \/><input type=\"hidden\" name=\"_wpcf7_container_post\" value=\"0\" \/><input type=\"hidden\" name=\"_wpcf7_posted_data_hash\" value=\"\" \/>\n<\/fieldset>\n\n<p>Seu Nome ou Empresa <span class=\"required\">*<\/span>\n<\/p>\n<p><span class=\"wpcf7-form-control-wrap\" data-name=\"your-name\"><input size=\"40\" maxlength=\"400\" class=\"wpcf7-form-control wpcf7-text wpcf7-validates-as-required\" aria-required=\"true\" aria-invalid=\"false\" value=\"\" type=\"text\" name=\"your-name\" \/><\/span>\n<\/p>\n<p>Seu Email <span class=\"required\">*<\/span>\n<\/p>\n<p><span class=\"wpcf7-form-control-wrap\" data-name=\"your-email\"><input size=\"40\" maxlength=\"400\" class=\"wpcf7-form-control wpcf7-email wpcf7-validates-as-required wpcf7-text wpcf7-validates-as-email\" aria-required=\"true\" aria-invalid=\"false\" value=\"\" type=\"email\" name=\"your-email\" \/><\/span>\n<\/p>\n<p>Assunto\n<\/p>\n<p><span class=\"wpcf7-form-control-wrap\" data-name=\"your-subject\"><input size=\"40\" maxlength=\"400\" class=\"wpcf7-form-control wpcf7-text\" aria-invalid=\"false\" value=\"\" type=\"text\" name=\"your-subject\" \/><\/span>\n<\/p>\n<p>Sua Mensagem ou Pedido <span class=\"required\">*<\/span>\n<\/p>\n<p><span class=\"wpcf7-form-control-wrap\" data-name=\"your-message\"><textarea cols=\"40\" rows=\"10\" maxlength=\"2000\" class=\"wpcf7-form-control wpcf7-textarea wpcf7-validates-as-required\" aria-required=\"true\" aria-invalid=\"false\" name=\"your-message\"><\/textarea><\/span>\n<\/p>\n<p><span class=\"wpcf7-form-control-wrap\" data-name=\"quiz-925\"><label><span class=\"wpcf7-quiz-label\">Verifica\u00e7\u00e3o: De que cor \u00e9 o Sol?<\/span> <input size=\"40\" class=\"wpcf7-form-control wpcf7-quiz\" autocomplete=\"off\" aria-required=\"true\" aria-invalid=\"false\" type=\"text\" name=\"quiz-925\" \/><\/label><input type=\"hidden\" name=\"_wpcf7_quiz_answer_quiz-925\" value=\"14bb816fbb6201e9ab40493551894ea7\" \/><\/span>\n<\/p>\n<p><span class=\"wpcf7-form-control-wrap\" data-name=\"radio-106\"><span class=\"wpcf7-form-control wpcf7-radio\"><span class=\"wpcf7-list-item first last\"><span class=\"wpcf7-list-item-label\">Autoriza o envio dos dados sob o RGPD, (Clique aqui:)<\/span><input type=\"radio\" name=\"radio-106\" value=\"Autoriza o envio dos dados sob o RGPD, (Clique aqui:)\" \/><\/span><\/span><\/span>\n<\/p>\n<p><input class=\"wpcf7-form-control wpcf7-submit has-spinner\" type=\"submit\" value=\"Enviar\" \/>\n<\/p><div class=\"wpcf7-response-output\" aria-hidden=\"true\"><\/div>\n<\/form>\n<\/div>\n<br \/>\n\t\t\t<iframe frameborder=\"0\" scrolling=\"no\" marginheight=\"0\" marginwidth=\"0\" src=\"https:\/\/maps.google.com\/maps?q=Av%20Jo%C3%A3o%20Corte%20Real%2C%20n%C2%BA%2030&amp;t=m&amp;z=14&amp;output=embed&amp;iwloc=near\" aria-label=\"Av Jo\u00e3o Corte Real, n\u00ba 30\"><\/iframe><\/p>\n","protected":false},"excerpt":{"rendered":"<p>Contactos:Tel: 968 927 130 ou Email: aveicargo@gmail.com Aveicargo &#8211; Transportes Rodovi\u00e1rios de Mercadorias, Unipessoal Lda Av Jo\u00e3o Corte Real, n\u00ba 30 &#8211; 2\u00ba i 3830-751 GAFANHA DA NAZAR\u00c9<\/p>\n","protected":false},"author":1,"featured_media":70982,"parent":0,"menu_order":0,"comment_status":"closed","ping_status":"closed","template":"page-full-width.php","meta":{"footnotes":""},"class_list":["post-361","page","type-page","status-publish","has-post-thumbnail","hentry"],"aioseo_notices":[],"_links":{"self":[{"href":"http:\/\/aveicargo.pt\/index.php?rest_route=\/wp\/v2\/pages\/361","targetHints":{"allow":["GET"]}}],"collection":[{"href":"http:\/\/aveicargo.pt\/index.php?rest_route=\/wp\/v2\/pages"}],"about":[{"href":"http:\/\/aveicargo.pt\/index.php?rest_route=\/wp\/v2\/types\/page"}],"author":[{"embeddable":true,"href":"http:\/\/aveicargo.pt\/index.php?rest_route=\/wp\/v2\/users\/1"}],"replies":[{"embeddable":true,"href":"http:\/\/aveicargo.pt\/index.php?rest_route=%2Fwp%2Fv2%2Fcomments&post=361"}],"version-history":[{"count":19,"href":"http:\/\/aveicargo.pt\/index.php?rest_route=\/wp\/v2\/pages\/361\/revisions"}],"predecessor-version":[{"id":1049,"href":"http:\/\/aveicargo.pt\/index.php?rest_route=\/wp\/v2\/pages\/361\/revisions\/1049"}],"wp:featuredmedia":[{"embeddable":true,"href":"http:\/\/aveicargo.pt\/index.php?rest_route=\/"}],"wp:attachment":[{"href":"http:\/\/aveicargo.pt\/index.php?rest_route=%2Fwp%2Fv2%2Fmedia&parent=361"}],"curies":[{"name":"wp","href":"https:\/\/api.w.org\/{rel}","templated":true}]}}