{"id":377,"date":"2016-11-03T10:29:33","date_gmt":"2016-11-03T10:29:33","guid":{"rendered":"http:\/\/localhost:8888\/startright\/?page_id=377"},"modified":"2022-01-31T17:29:37","modified_gmt":"2022-01-31T17:29:37","slug":"solutions","status":"publish","type":"page","link":"http:\/\/aveicargo.pt\/?page_id=377","title":{"rendered":"Servi\u00e7os"},"content":{"rendered":"<p><a data-elementor-open-lightbox=\"\" href=\"http:\/\/aveicargo.pt\/?page_id=386\"><br \/>\n\t\t\t\t\t\t\t<img loading=\"lazy\" decoding=\"async\" width=\"432\" height=\"300\" src=\"http:\/\/aveicargo.pt\/wp-content\/uploads\/2019\/11\/camiao_grua.png\" alt=\"\" srcset=\"http:\/\/aveicargo.pt\/wp-content\/uploads\/2019\/11\/camiao_grua.png 432w, http:\/\/aveicargo.pt\/wp-content\/uploads\/2019\/11\/camiao_grua-300x208.png 300w\" sizes=\"auto, (max-width: 432px) 100vw, 432px\" \/>\t\t\t\t\t\t\t\t<\/a><\/p>\n<h4><a href=\"http:\/\/aveicargo.pt\/#\">Transporte com Cami\u00e3o Grua e M\u00e1quinas Pesadas<\/a><\/h4>\n<p>A nossa empresa est\u00e1 vocacionada para servi\u00e7os especiais com grua e equipamento pesado, Desde Cami\u00f5es com Grua e Transporte e Descarga de M\u00e1quinas Pesadas. Os nossos transportadores e operadores s\u00e3o certificados.<\/p>\n<p>\t\t\t\t\t\t\t\t\t\t\t<a data-elementor-open-lightbox=\"\" href=\"http:\/\/aveicargo.pt\/?page_id=411\"><br \/>\n\t\t\t\t\t\t\t<img decoding=\"async\" src=\"http:\/\/aveicargo.pt\/wp-content\/uploads\/elementor\/thumbs\/20220126_192919-pjtyotqcapdtdnnk8r8ttys4i6x8po7k1dpm7ao6kk.jpg\" title=\"20220126_192919\" alt=\"20220126_192919\" \/>\t\t\t\t\t\t\t\t<\/a><\/p>\n<h4><a href=\"http:\/\/aveicargo.pt\/#\">Transporte de Mercadorias em Geral<\/a><\/h4>\n<p>Dispomos de v\u00e1rios conjuntos equipados com reboques em estrado (caixa aberta) e com cortinas (caixa fechada) com possibilidade de levantar o tecto at\u00e9 uma disponibilidade em altura de cerca de 3.00 mts.<\/p>\n<p>\t\t\t\t\t\t\t\t\t\t\t<a data-elementor-open-lightbox=\"\" href=\"http:\/\/aveicargo.pt\/?page_id=414\"><br \/>\n\t\t\t\t\t\t\t<img loading=\"lazy\" decoding=\"async\" width=\"432\" height=\"300\" src=\"http:\/\/aveicargo.pt\/wp-content\/uploads\/2019\/11\/camiao_basculante.png\" alt=\"\" srcset=\"http:\/\/aveicargo.pt\/wp-content\/uploads\/2019\/11\/camiao_basculante.png 432w, http:\/\/aveicargo.pt\/wp-content\/uploads\/2019\/11\/camiao_basculante-300x208.png 300w\" sizes=\"auto, (max-width: 432px) 100vw, 432px\" \/>\t\t\t\t\t\t\t\t<\/a><\/p>\n<h4><a href=\"http:\/\/aveicargo.pt\/#\">Transporte de Mercadoria em Cami\u00e3o Basculante<\/a><\/h4>\n<p>Desde mercadorias (inertes, cereais e outros) , o cami\u00e3o Basculante economiza o tempo de descarga, minimizando a for\u00e7a de trabalho necess\u00e1ria, encurta o ciclo de transporte, melhora a produtividade, e reduz os custos.<\/p>\n","protected":false},"excerpt":{"rendered":"<p>Transporte com Cami\u00e3o Grua e M\u00e1quinas Pesadas A nossa empresa est\u00e1 vocacionada para servi\u00e7os especiais com grua e equipamento pesado, Desde Cami\u00f5es com Grua e Transporte e Descarga de M\u00e1quinas Pesadas. Os nossos transportadores e operadores s\u00e3o certificados. Transporte de Mercadorias em Geral Dispomos de v\u00e1rios conjuntos equipados com reboques em estrado (caixa aberta) e [&hellip;]<\/p>\n","protected":false},"author":1,"featured_media":637,"parent":0,"menu_order":0,"comment_status":"closed","ping_status":"closed","template":"page-full-width.php","meta":{"footnotes":""},"class_list":["post-377","page","type-page","status-publish","has-post-thumbnail","hentry"],"aioseo_notices":[],"_links":{"self":[{"href":"http:\/\/aveicargo.pt\/index.php?rest_route=\/wp\/v2\/pages\/377","targetHints":{"allow":["GET"]}}],"collection":[{"href":"http:\/\/aveicargo.pt\/index.php?rest_route=\/wp\/v2\/pages"}],"about":[{"href":"http:\/\/aveicargo.pt\/index.php?rest_route=\/wp\/v2\/types\/page"}],"author":[{"embeddable":true,"href":"http:\/\/aveicargo.pt\/index.php?rest_route=\/wp\/v2\/users\/1"}],"replies":[{"embeddable":true,"href":"http:\/\/aveicargo.pt\/index.php?rest_route=%2Fwp%2Fv2%2Fcomments&post=377"}],"version-history":[{"count":13,"href":"http:\/\/aveicargo.pt\/index.php?rest_route=\/wp\/v2\/pages\/377\/revisions"}],"predecessor-version":[{"id":1169,"href":"http:\/\/aveicargo.pt\/index.php?rest_route=\/wp\/v2\/pages\/377\/revisions\/1169"}],"wp:featuredmedia":[{"embeddable":true,"href":"http:\/\/aveicargo.pt\/index.php?rest_route=\/"}],"wp:attachment":[{"href":"http:\/\/aveicargo.pt\/index.php?rest_route=%2Fwp%2Fv2%2Fmedia&parent=377"}],"curies":[{"name":"wp","href":"https:\/\/api.w.org\/{rel}","templated":true}]}}