{"id":414,"date":"2016-11-03T13:12:49","date_gmt":"2016-11-03T13:12:49","guid":{"rendered":"http:\/\/localhost:8888\/startright\/services\/competitor-analysis-copy\/"},"modified":"2022-10-12T16:39:52","modified_gmt":"2022-10-12T16:39:52","slug":"electronic-engineering","status":"publish","type":"page","link":"http:\/\/aveicargo.pt\/?page_id=414","title":{"rendered":"Transporte de Mercadoria em Cami\u00e3o Basculante (inertes, cereais e outros)"},"content":{"rendered":"<p style=\"text-align: center;\">TRANSPORTE DE MERCADORIA EM CAMI\u00c3O BASCULANTE <br \/>(inertes, cereais e outros)<\/p>\n<p>Desde mercadorias (inertes, cereais e outros) , o cami\u00e3o Basculante economiza o tempo de descarga, minimizando a for\u00e7a de trabalho necess\u00e1ria, encurta o ciclo de transporte, melhora a produtividade, e reduz os custos.<\/p>\n<p>\t\t\t\t\t\t\t\t\t\t<img loading=\"lazy\" decoding=\"async\" width=\"432\" height=\"300\" src=\"http:\/\/aveicargo.pt\/wp-content\/uploads\/2019\/11\/camiao_basculante.png\" alt=\"\" srcset=\"http:\/\/aveicargo.pt\/wp-content\/uploads\/2019\/11\/camiao_basculante.png 432w, http:\/\/aveicargo.pt\/wp-content\/uploads\/2019\/11\/camiao_basculante-300x208.png 300w\" sizes=\"auto, (max-width: 432px) 100vw, 432px\" \/><br \/>\n\t\t\t\t\t\t\t\t\t\t<img loading=\"lazy\" decoding=\"async\" width=\"432\" height=\"300\" src=\"http:\/\/aveicargo.pt\/wp-content\/uploads\/2019\/11\/basculante2.jpg\" alt=\"\" srcset=\"http:\/\/aveicargo.pt\/wp-content\/uploads\/2019\/11\/basculante2.jpg 432w, http:\/\/aveicargo.pt\/wp-content\/uploads\/2019\/11\/basculante2-300x208.jpg 300w\" sizes=\"auto, (max-width: 432px) 100vw, 432px\" \/><\/p>\n","protected":false},"excerpt":{"rendered":"<p>TRANSPORTE DE MERCADORIA EM CAMI\u00c3O BASCULANTE (inertes, cereais e outros) Desde mercadorias (inertes, cereais e outros) , o cami\u00e3o Basculante economiza o tempo de descarga, minimizando a for\u00e7a de trabalho necess\u00e1ria, encurta o ciclo de transporte, melhora a produtividade, e reduz os custos.<\/p>\n","protected":false},"author":1,"featured_media":540,"parent":377,"menu_order":2,"comment_status":"closed","ping_status":"closed","template":"","meta":{"footnotes":""},"class_list":["post-414","page","type-page","status-publish","has-post-thumbnail","hentry"],"aioseo_notices":[],"_links":{"self":[{"href":"http:\/\/aveicargo.pt\/index.php?rest_route=\/wp\/v2\/pages\/414","targetHints":{"allow":["GET"]}}],"collection":[{"href":"http:\/\/aveicargo.pt\/index.php?rest_route=\/wp\/v2\/pages"}],"about":[{"href":"http:\/\/aveicargo.pt\/index.php?rest_route=\/wp\/v2\/types\/page"}],"author":[{"embeddable":true,"href":"http:\/\/aveicargo.pt\/index.php?rest_route=\/wp\/v2\/users\/1"}],"replies":[{"embeddable":true,"href":"http:\/\/aveicargo.pt\/index.php?rest_route=%2Fwp%2Fv2%2Fcomments&post=414"}],"version-history":[{"count":8,"href":"http:\/\/aveicargo.pt\/index.php?rest_route=\/wp\/v2\/pages\/414\/revisions"}],"predecessor-version":[{"id":1176,"href":"http:\/\/aveicargo.pt\/index.php?rest_route=\/wp\/v2\/pages\/414\/revisions\/1176"}],"up":[{"embeddable":true,"href":"http:\/\/aveicargo.pt\/index.php?rest_route=\/wp\/v2\/pages\/377"}],"wp:featuredmedia":[{"embeddable":true,"href":"http:\/\/aveicargo.pt\/index.php?rest_route=\/"}],"wp:attachment":[{"href":"http:\/\/aveicargo.pt\/index.php?rest_route=%2Fwp%2Fv2%2Fmedia&parent=414"}],"curies":[{"name":"wp","href":"https:\/\/api.w.org\/{rel}","templated":true}]}}