{"id":438,"date":"2016-11-03T13:40:44","date_gmt":"2016-11-03T13:40:44","guid":{"rendered":"http:\/\/localhost:8888\/startright\/?page_id=438"},"modified":"2022-10-12T16:57:38","modified_gmt":"2022-10-12T16:57:38","slug":"home","status":"publish","type":"page","link":"http:\/\/aveicargo.pt\/","title":{"rendered":"In\u00edcio"},"content":{"rendered":"<p><a href=\"http:\/\/aveicargo.pt\/?page_id=386\"><br \/>\n\t\t\t\t\t\t\t<img decoding=\"async\" width=\"361\" height=\"251\" src=\"http:\/\/aveicargo.pt\/wp-content\/uploads\/2019\/12\/carga-2.jpg\" alt=\"\" loading=\"lazy\" srcset=\"http:\/\/aveicargo.pt\/wp-content\/uploads\/2019\/12\/carga-2.jpg 361w, http:\/\/aveicargo.pt\/wp-content\/uploads\/2019\/12\/carga-2-300x209.jpg 300w\" sizes=\"auto, (max-width: 361px) 100vw, 361px\" \/>\t\t\t\t\t\t\t\t<\/a><\/p>\n<h4><a href=\"#\">Transporte com Cami\u00e3o Grua e M\u00e1quinas Pesadas<\/a><\/h4>\n<p>A nossa empresa est\u00e1 vocacionada para servi\u00e7os especiais com grua e equipamento pesado, Desde Cami\u00f5es com Grua e Transporte e Descarga de M\u00e1quinas Pesadas. Os nossos transportadores e operadores s\u00e3o certificados.<\/p>\n<p>\t\t\t\t\t\t\t\t\t\t\t\t\t<a href=\"http:\/\/aveicargo.pt\/?page_id=411\"><br \/>\n\t\t\t\t\t\t\t<img decoding=\"async\" width=\"432\" height=\"300\" src=\"http:\/\/aveicargo.pt\/wp-content\/uploads\/2020\/03\/20190830_193451-1.jpg\" alt=\"\" loading=\"lazy\" srcset=\"http:\/\/aveicargo.pt\/wp-content\/uploads\/2020\/03\/20190830_193451-1.jpg 432w, http:\/\/aveicargo.pt\/wp-content\/uploads\/2020\/03\/20190830_193451-1-300x208.jpg 300w\" sizes=\"auto, (max-width: 432px) 100vw, 432px\" \/>\t\t\t\t\t\t\t\t<\/a><\/p>\n<h4><a href=\"#\">Transporte de Mercadorias em Geral<\/a><\/h4>\n<p>Dispomos de v\u00e1rios conjuntos equipados com reboques em estrado (caixa aberta) e com cortinas (caixa fechada) com possibilidade de levantar o tecto at\u00e9 uma disponibilidade em altura de cerca de 3.00 mts<\/p>\n<p>\t\t\t\t\t\t\t\t\t\t\t\t\t<a href=\"http:\/\/aveicargo.pt\/?page_id=414\"><br \/>\n\t\t\t\t\t\t\t<img decoding=\"async\" width=\"432\" height=\"300\" src=\"http:\/\/aveicargo.pt\/wp-content\/uploads\/2019\/11\/camiao_basculante.png\" alt=\"\" loading=\"lazy\" srcset=\"http:\/\/aveicargo.pt\/wp-content\/uploads\/2019\/11\/camiao_basculante.png 432w, http:\/\/aveicargo.pt\/wp-content\/uploads\/2019\/11\/camiao_basculante-300x208.png 300w\" sizes=\"auto, (max-width: 432px) 100vw, 432px\" \/>\t\t\t\t\t\t\t\t<\/a><\/p>\n<h4><a href=\"#\">Transporte de Mercadoria em Cami\u00e3o Basculante<\/a><\/h4>\n<p>Desde mercadorias (inertes, cereais e outros) \u200b, o cami\u00e3o Basculante economiza o tempo de descarga, minimizando a for\u00e7a de trabalho necess\u00e1ria, encurta o ciclo de transporte, melhora a produtividade, e reduz os custos.<\/p>\n<h2>Planeamos e Realizamos o seu Transporte.<\/h2>\n<h5>Precisa de um or\u00e7amento gratuito para o seu transporte?<\/h5>\n<p>\t\t\t<a href=\"http:\/\/aveicargo.pt\/?page_id=361\" role=\"button\"><br \/>\n\t\t\t\t\t\tPEDIDO DE OR\u00c7AMENTO<br \/>\n\t\t\t\t\t<\/a><\/p>\n<h2>O Transporte do seu neg\u00f3cio<\/h2>\n<p>\t\t\t\t\t\t\t\t\t\t\t\t<a href=\"\">Transporte com Cami\u00e3o Grua e M\u00e1quinas Pesadas<\/a><\/p>\n<p>Dispomos de v\u00e1rios conjuntos equipados com reboques em estrado (caixa aberta) e com cortinas (caixa fechada) com possibilidade de levantar o tecto at\u00e9 uma disponibilidade em altura de cerca de 3.00 mts.<\/p>\n<p>\t\t\t\t\t\t\t\t\t\t\t\t<a href=\"\">Transporte de Mercadorias em Geral<\/a><\/p>\n<p>Dispomos de v\u00e1rios conjuntos equipados com reboques em estrado (caixa aberta) e com cortinas (caixa fechada) com possibilidade de levantar o tecto at\u00e9 uma disponibilidade em altura de cerca de 3.00 mts.<\/p>\n<p>\t\t\t\t\t\t\t\t\t\t\t\t<a href=\"\">Transporte de Mercadoria em Cami\u00e3o Basculante (inertes, cereais e outros)<\/a><\/p>\n<p>Dispomos de v\u00e1rios conjuntos equipados com reboques em estrado (caixa aberta) e com cortinas (caixa fechada) com possibilidade de levantar o tecto at\u00e9 uma disponibilidade em altura de cerca de 3.00 mts.<\/p>\n<p>\t\t\t<a role=\"button\"><br \/>\n\t\t\t\t\t\tContacte-nos: Tel. 968 927 130<br \/>\n\t\t\t\t\t<\/a><\/p>\n<figure><img decoding=\"async\" src=\"http:\/\/aveicargo.pt\/wp-content\/uploads\/2019\/12\/camiao_grua3.jpg\" alt=\"camiao_grua3\" \/><\/figure>\n<figure><img decoding=\"async\" src=\"http:\/\/aveicargo.pt\/wp-content\/uploads\/2022\/01\/20211223_110347.jpg\" alt=\"20211223_110347\" \/><\/figure>\n<figure><img decoding=\"async\" src=\"http:\/\/aveicargo.pt\/wp-content\/uploads\/2019\/11\/camiao_grua2.jpg\" alt=\"camiao_grua2\" \/><\/figure>\n<p>\t\t\t\t\t\t\t\t\t\t\t\tAnterior<br \/>\n\t\t\t\t\t\t\t\t\t\t\t\tSeguinte<\/p>\n<h2 style=\"text-align: center;\">Vantagens AveiCargo<\/h2>\n<h3 style=\"text-align: center;\">Experi\u00eancia<\/h3>\n<p style=\"text-align: center;\">Temos anos de experi\u00eancia no transporte de mercadoria.<\/p>\n<h3 style=\"text-align: center;\">Rapidez<\/h3>\n<p style=\"text-align: center;\">Planeamos com antec\u00eancia o seu transporte e isso reflecte a rapidez na chegada ao destino<\/p>\n<h3 style=\"text-align: center;\">Qualidade<\/h3>\n<p style=\"text-align: center;\">O Transporte com Qualidade, \u00e9 o nosso ponto mais forte.<\/p>\n<h2>Servi\u00e7os\u00a0AVEICARGO<\/h2>\n<h5>Prestamos uma basta variedade de servi\u00e7os de transporte, desde Carga Pesada, Grupagem, Contentores e muito mais, contamos com uma equipa de trabalhadores sempre pronta para qualquer transporte.<\/h5>\n<h5>A AVEICARGO trabalha para que seus Clientes sejam atendidos nas suas necessidades com elevados patamares de qualidade, no servi\u00e7o de transporte. <br \/>\nEsperamos pelo seu contacto.<\/h5>\n<p>\t\t\t\t\t\t\tCondutores<br \/>\n\t\t\t\t\t\t\tSatisfa\u00e7\u00e3o Clientes (%)<br \/>\n\t\t\t\t\t\t\tEntrega no Destino (%)<br \/>\n\t\t\t\t\t\t\tRapidez e Efic\u00e1cia (%)<\/p>\n<h2 style=\"font-family: Overpass, Helvetica, Arial, sans-serif;\">Pedido de Or\u00e7amento<\/h2>\n<p>Gostava de falar com um de nossos funcion\u00e1rios pelo telefone? Basta enviar seus detalhes e entraremos em conctato em breve.<\/p>\n\n<div class=\"wpcf7 no-js\" id=\"wpcf7-f66-o1\" lang=\"en-US\" dir=\"ltr\" data-wpcf7-id=\"66\">\n<div class=\"screen-reader-response\"><p role=\"status\" aria-live=\"polite\" aria-atomic=\"true\"><\/p> <ul><\/ul><\/div>\n<form action=\"\/index.php?rest_route=%2Fwp%2Fv2%2Fpages%2F438#wpcf7-f66-o1\" method=\"post\" class=\"wpcf7-form init\" aria-label=\"Contact form\" novalidate=\"novalidate\" data-status=\"init\">\n<fieldset class=\"hidden-fields-container\"><input type=\"hidden\" name=\"_wpcf7\" value=\"66\" \/><input type=\"hidden\" name=\"_wpcf7_version\" value=\"6.1.5\" \/><input type=\"hidden\" name=\"_wpcf7_locale\" value=\"en_US\" \/><input type=\"hidden\" name=\"_wpcf7_unit_tag\" value=\"wpcf7-f66-o1\" \/><input type=\"hidden\" name=\"_wpcf7_container_post\" value=\"0\" \/><input type=\"hidden\" name=\"_wpcf7_posted_data_hash\" value=\"\" \/>\n<\/fieldset>\n\n<p>Seu Nome ou Empresa <span class=\"required\">*<\/span>\n<\/p>\n<p><span class=\"wpcf7-form-control-wrap\" data-name=\"your-name\"><input size=\"40\" maxlength=\"400\" class=\"wpcf7-form-control wpcf7-text wpcf7-validates-as-required\" aria-required=\"true\" aria-invalid=\"false\" value=\"\" type=\"text\" name=\"your-name\" \/><\/span>\n<\/p>\n<p>Seu Email <span class=\"required\">*<\/span>\n<\/p>\n<p><span class=\"wpcf7-form-control-wrap\" data-name=\"your-email\"><input size=\"40\" maxlength=\"400\" class=\"wpcf7-form-control wpcf7-email wpcf7-validates-as-required wpcf7-text wpcf7-validates-as-email\" aria-required=\"true\" aria-invalid=\"false\" value=\"\" type=\"email\" name=\"your-email\" \/><\/span>\n<\/p>\n<p>Assunto\n<\/p>\n<p><span class=\"wpcf7-form-control-wrap\" data-name=\"your-subject\"><input size=\"40\" maxlength=\"400\" class=\"wpcf7-form-control wpcf7-text\" aria-invalid=\"false\" value=\"\" type=\"text\" name=\"your-subject\" \/><\/span>\n<\/p>\n<p>Sua Mensagem ou Pedido <span class=\"required\">*<\/span>\n<\/p>\n<p><span class=\"wpcf7-form-control-wrap\" data-name=\"your-message\"><textarea cols=\"40\" rows=\"10\" maxlength=\"2000\" class=\"wpcf7-form-control wpcf7-textarea wpcf7-validates-as-required\" aria-required=\"true\" aria-invalid=\"false\" name=\"your-message\"><\/textarea><\/span>\n<\/p>\n<p><span class=\"wpcf7-form-control-wrap\" data-name=\"quiz-925\"><label><span class=\"wpcf7-quiz-label\">Verifica\u00e7\u00e3o: De que cor \u00e9 o Sol?<\/span> <input size=\"40\" class=\"wpcf7-form-control wpcf7-quiz\" autocomplete=\"off\" aria-required=\"true\" aria-invalid=\"false\" type=\"text\" name=\"quiz-925\" \/><\/label><input type=\"hidden\" name=\"_wpcf7_quiz_answer_quiz-925\" value=\"14bb816fbb6201e9ab40493551894ea7\" \/><\/span>\n<\/p>\n<p><span class=\"wpcf7-form-control-wrap\" data-name=\"radio-106\"><span class=\"wpcf7-form-control wpcf7-radio\"><span class=\"wpcf7-list-item first last\"><span class=\"wpcf7-list-item-label\">Autoriza o envio dos dados sob o RGPD, (Clique aqui:)<\/span><input type=\"radio\" name=\"radio-106\" value=\"Autoriza o envio dos dados sob o RGPD, (Clique aqui:)\" \/><\/span><\/span><\/span>\n<\/p>\n<p><input class=\"wpcf7-form-control wpcf7-submit has-spinner\" type=\"submit\" value=\"Enviar\" \/>\n<\/p><div class=\"wpcf7-response-output\" aria-hidden=\"true\"><\/div>\n<\/form>\n<\/div>\n\n","protected":false},"excerpt":{"rendered":"<p>Transporte com Cami\u00e3o Grua e M\u00e1quinas Pesadas A nossa empresa est\u00e1 vocacionada para servi\u00e7os especiais com grua e equipamento pesado, Desde Cami\u00f5es com Grua e Transporte e Descarga de M\u00e1quinas Pesadas. Os nossos transportadores e operadores s\u00e3o certificados. Transporte de Mercadorias em Geral Dispomos de v\u00e1rios conjuntos equipados com reboques em estrado (caixa aberta) e [&hellip;]<\/p>\n","protected":false},"author":1,"featured_media":0,"parent":0,"menu_order":0,"comment_status":"closed","ping_status":"closed","template":"page-full-width-without-heading.php","meta":{"footnotes":""},"class_list":["post-438","page","type-page","status-publish","hentry"],"aioseo_notices":[],"_links":{"self":[{"href":"http:\/\/aveicargo.pt\/index.php?rest_route=\/wp\/v2\/pages\/438","targetHints":{"allow":["GET"]}}],"collection":[{"href":"http:\/\/aveicargo.pt\/index.php?rest_route=\/wp\/v2\/pages"}],"about":[{"href":"http:\/\/aveicargo.pt\/index.php?rest_route=\/wp\/v2\/types\/page"}],"author":[{"embeddable":true,"href":"http:\/\/aveicargo.pt\/index.php?rest_route=\/wp\/v2\/users\/1"}],"replies":[{"embeddable":true,"href":"http:\/\/aveicargo.pt\/index.php?rest_route=%2Fwp%2Fv2%2Fcomments&post=438"}],"version-history":[{"count":54,"href":"http:\/\/aveicargo.pt\/index.php?rest_route=\/wp\/v2\/pages\/438\/revisions"}],"predecessor-version":[{"id":1181,"href":"http:\/\/aveicargo.pt\/index.php?rest_route=\/wp\/v2\/pages\/438\/revisions\/1181"}],"wp:attachment":[{"href":"http:\/\/aveicargo.pt\/index.php?rest_route=%2Fwp%2Fv2%2Fmedia&parent=438"}],"curies":[{"name":"wp","href":"https:\/\/api.w.org\/{rel}","templated":true}]}}